{"id":118,"date":"2025-02-26T19:33:21","date_gmt":"2025-02-26T18:33:21","guid":{"rendered":"https:\/\/leticiasaugar.es\/membresia\/subscription-plan\/"},"modified":"2025-03-13T19:56:38","modified_gmt":"2025-03-13T18:56:38","slug":"planes","status":"publish","type":"page","link":"https:\/\/leticiasaugar.es\/membresia\/planes\/","title":{"rendered":"Planes"},"content":{"rendered":"\t\t<div data-elementor-type=\"wp-page\" data-elementor-id=\"118\" class=\"elementor elementor-118\">\n\t\t\t\t<div class=\"elementor-element elementor-element-bc64275 e-flex e-con-boxed e-con e-parent\" data-id=\"bc64275\" data-element_type=\"container\" data-e-type=\"container\">\n\t\t\t\t\t<div class=\"e-con-inner\">\n\t\t\t\t<div class=\"elementor-element elementor-element-3252c75 elementor-widget elementor-widget-heading\" data-id=\"3252c75\" data-element_type=\"widget\" data-e-type=\"widget\" data-widget_type=\"heading.default\">\n\t\t\t\t<div class=\"elementor-widget-container\">\n\t\t\t\t\t<h2 class=\"elementor-heading-title elementor-size-default\">\ud83c\udf1f Elige tu camino de transformaci\u00f3n y despierta tu poder interior \ud83c\udf1f<\/h2>\t\t\t\t<\/div>\n\t\t\t\t<\/div>\n\t\t\t\t<div class=\"elementor-element elementor-element-a26547c elementor-widget elementor-widget-text-editor\" data-id=\"a26547c\" data-element_type=\"widget\" data-e-type=\"widget\" data-widget_type=\"text-editor.default\">\n\t\t\t\t<div class=\"elementor-widget-container\">\n\t\t\t\t\t\t\t\t\t<p>Tu viaje de autoconocimiento y sanaci\u00f3n comienza aqu\u00ed. Con nuestras membres\u00edas, acceder\u00e1s a herramientas, conocimientos y una comunidad que te acompa\u00f1ar\u00e1 en cada paso de tu evoluci\u00f3n. Desde los primeros destellos de luz hasta la maestr\u00eda del despertar, cada nivel te guiar\u00e1 hacia una mayor conexi\u00f3n contigo misma y con el universo.<\/p>\t\t\t\t\t\t\t\t<\/div>\n\t\t\t\t<\/div>\n\t\t\t\t\t<\/div>\n\t\t\t\t<\/div>\n\t\t<div class=\"elementor-element elementor-element-20b9f1d7 e-flex e-con-boxed e-con e-parent\" data-id=\"20b9f1d7\" data-element_type=\"container\" data-e-type=\"container\">\n\t\t\t\t\t<div class=\"e-con-inner\">\n\t\t\t\t<div class=\"elementor-element elementor-element-46878aec elementor-widget elementor-widget-shortcode\" data-id=\"46878aec\" data-element_type=\"widget\" data-e-type=\"widget\" data-widget_type=\"shortcode.default\">\n\t\t\t\t<div class=\"elementor-widget-container\">\n\t\t\t\t\t\t\t<div class=\"elementor-shortcode\"><div class=\"ich_level_wrap ihc_level_template_8\"><div class=\"ihc-level-item\"><div class=\"ihc-level-item-wrap\"><div class=\"ihc-level-item-top\"><div class=\"ihc-level-item-title\">Iniciado de la Luz<\/div><\/div><div class=\"ihc-level-item-price\">10 \u20ac\/mes<\/div><div class=\"ihc-level-item-content\"><p style=\"text-align: center\"><img fetchpriority=\"high\" decoding=\"async\" class=\"alignnone size-medium wp-image-651\" src=\"https:\/\/leticiasaugar.es\/membresia\/wp-content\/uploads\/2025\/03\/envato-labs-ai-429eb3b3-12b4-45b5-bced-511bf42465ea-300x300.webp\" alt=\"\" width=\"300\" height=\"300\" srcset=\"https:\/\/leticiasaugar.es\/membresia\/wp-content\/uploads\/2025\/03\/envato-labs-ai-429eb3b3-12b4-45b5-bced-511bf42465ea-300x300.webp 300w, https:\/\/leticiasaugar.es\/membresia\/wp-content\/uploads\/2025\/03\/envato-labs-ai-429eb3b3-12b4-45b5-bced-511bf42465ea-150x150.webp 150w, https:\/\/leticiasaugar.es\/membresia\/wp-content\/uploads\/2025\/03\/envato-labs-ai-429eb3b3-12b4-45b5-bced-511bf42465ea-768x768.webp 768w, https:\/\/leticiasaugar.es\/membresia\/wp-content\/uploads\/2025\/03\/envato-labs-ai-429eb3b3-12b4-45b5-bced-511bf42465ea.webp 1024w\" sizes=\"(max-width: 300px) 100vw, 300px\" \/><\/p>\r\n&nbsp;\r\n\r\n<strong>Para quienes comienzan su camino de autoconocimiento.<\/strong>\r\n<ul>\r\n \t<li>02 encuentros de meditacio\u0301n al mes<\/li>\r\n<\/ul><\/div><div class=\"ihc-level-item-bottom\"><div onClick=\"ihcBuyNewLevel('https:\/\/leticiasaugar.es\/membresia\/registro\/?lid=1');\" class=\"ihc-level-item-link  ihc-cursor-pointer\">Registrarse<\/div><div class=\"iump-clear\"><\/div><\/div><\/div><\/div><div class=\"ihc-level-item\"><div class=\"ihc-level-item-wrap\"><div class=\"ihc-level-item-top\"><div class=\"ihc-level-item-title\">Guardiana del Saber<\/div><\/div><div class=\"ihc-level-item-price\">20 \u20ac\/mes<\/div><div class=\"ihc-level-item-content\"><p style=\"text-align: center\"><img decoding=\"async\" class=\"alignnone wp-image-675 size-medium\" src=\"https:\/\/leticiasaugar.es\/membresia\/wp-content\/uploads\/2025\/03\/Imagen-de-WhatsApp-2025-03-14-a-las-16.40.55_60b9b990-300x300.jpg\" alt=\"\" width=\"300\" height=\"300\" srcset=\"https:\/\/leticiasaugar.es\/membresia\/wp-content\/uploads\/2025\/03\/Imagen-de-WhatsApp-2025-03-14-a-las-16.40.55_60b9b990-300x300.jpg 300w, https:\/\/leticiasaugar.es\/membresia\/wp-content\/uploads\/2025\/03\/Imagen-de-WhatsApp-2025-03-14-a-las-16.40.55_60b9b990-1024x1024.jpg 1024w, https:\/\/leticiasaugar.es\/membresia\/wp-content\/uploads\/2025\/03\/Imagen-de-WhatsApp-2025-03-14-a-las-16.40.55_60b9b990-150x150.jpg 150w, https:\/\/leticiasaugar.es\/membresia\/wp-content\/uploads\/2025\/03\/Imagen-de-WhatsApp-2025-03-14-a-las-16.40.55_60b9b990-768x769.jpg 768w, https:\/\/leticiasaugar.es\/membresia\/wp-content\/uploads\/2025\/03\/Imagen-de-WhatsApp-2025-03-14-a-las-16.40.55_60b9b990.jpg 1080w\" sizes=\"(max-width: 300px) 100vw, 300px\" \/><\/p>\r\n&nbsp;\r\n\r\n<strong>\r\nUn nivel intermedio donde se profundiza en la energ\u00eda y la sanaci\u00f3n.<\/strong>\r\n<ul>\r\n \t<li>02 encuentros al mes del camino del corazo\u0301n<\/li>\r\n<\/ul><\/div><div class=\"ihc-level-item-bottom\"><div onClick=\"ihcBuyNewLevel('https:\/\/leticiasaugar.es\/membresia\/registro\/?lid=2');\" class=\"ihc-level-item-link  ihc-cursor-pointer\">Registrarse<\/div><div class=\"iump-clear\"><\/div><\/div><\/div><\/div><div class=\"ihc-level-item\"><div class=\"ihc-level-item-wrap\"><div class=\"ihc-level-item-top\"><div class=\"ihc-level-item-title\">Maestra del Despertar<\/div><\/div><div class=\"ihc-level-item-price\">35 \u20ac\/mes<\/div><div class=\"ihc-level-item-content\"><p style=\"text-align: center\"><img decoding=\"async\" class=\"alignnone size-medium wp-image-650\" src=\"https:\/\/leticiasaugar.es\/membresia\/wp-content\/uploads\/2025\/03\/Imagen-de-WhatsApp-2025-03-13-a-las-19.03.21_d8679801-295x300.jpg\" alt=\"\" width=\"295\" height=\"300\" srcset=\"https:\/\/leticiasaugar.es\/membresia\/wp-content\/uploads\/2025\/03\/Imagen-de-WhatsApp-2025-03-13-a-las-19.03.21_d8679801-295x300.jpg 295w, https:\/\/leticiasaugar.es\/membresia\/wp-content\/uploads\/2025\/03\/Imagen-de-WhatsApp-2025-03-13-a-las-19.03.21_d8679801-1006x1024.jpg 1006w, https:\/\/leticiasaugar.es\/membresia\/wp-content\/uploads\/2025\/03\/Imagen-de-WhatsApp-2025-03-13-a-las-19.03.21_d8679801-768x782.jpg 768w, https:\/\/leticiasaugar.es\/membresia\/wp-content\/uploads\/2025\/03\/Imagen-de-WhatsApp-2025-03-13-a-las-19.03.21_d8679801.jpg 1080w\" sizes=\"(max-width: 295px) 100vw, 295px\" \/><\/p>\r\n&nbsp;\r\n\r\n<strong>Para quienes han integrado el aprendizaje y desean guiarse y guiar a otros.<\/strong>\r\n<ul>\r\n \t<li>02 en encuentros del Camino del Corazo\u0301n<\/li>\r\n \t<li>Sesio\u0301n privada de 30min. conmigo<\/li>\r\n<\/ul><\/div><div class=\"ihc-level-item-bottom\"><div onClick=\"ihcBuyNewLevel('https:\/\/leticiasaugar.es\/membresia\/registro\/?lid=3');\" class=\"ihc-level-item-link  ihc-cursor-pointer\">Registrarse<\/div><div class=\"iump-clear\"><\/div><\/div><\/div><\/div><div class=\"ihc-level-item\"><div class=\"ihc-level-item-wrap\"><div class=\"ihc-level-item-top\"><div class=\"ihc-level-item-title\">Relaci\u00f3n Sagrada<\/div><\/div><div class=\"ihc-level-item-price\">25 \u20ac\/mes<\/div><div class=\"ihc-level-item-content\"><p style=\"text-align: center\"><img loading=\"lazy\" decoding=\"async\" class=\"alignnone wp-image-676 size-medium\" src=\"https:\/\/leticiasaugar.es\/membresia\/wp-content\/uploads\/2025\/03\/Imagen-de-WhatsApp-2025-03-14-a-las-18.43.53_837ce0a6-300x260.jpg\" alt=\"\" width=\"300\" height=\"260\" srcset=\"https:\/\/leticiasaugar.es\/membresia\/wp-content\/uploads\/2025\/03\/Imagen-de-WhatsApp-2025-03-14-a-las-18.43.53_837ce0a6-300x260.jpg 300w, https:\/\/leticiasaugar.es\/membresia\/wp-content\/uploads\/2025\/03\/Imagen-de-WhatsApp-2025-03-14-a-las-18.43.53_837ce0a6-1024x888.jpg 1024w, https:\/\/leticiasaugar.es\/membresia\/wp-content\/uploads\/2025\/03\/Imagen-de-WhatsApp-2025-03-14-a-las-18.43.53_837ce0a6-768x666.jpg 768w, https:\/\/leticiasaugar.es\/membresia\/wp-content\/uploads\/2025\/03\/Imagen-de-WhatsApp-2025-03-14-a-las-18.43.53_837ce0a6.jpg 1080w\" sizes=\"(max-width: 300px) 100vw, 300px\" \/><\/p>\r\n&nbsp;\r\n\r\nMembres\u00eda exclusiva del Curso: Relaci\u00f3n Sagrada - La uni\u00f3n del femenino y el masculino.\r\n<ul>\r\n \t<li>02 en encuentros de Relaci\u00f3n Sagrada<\/li>\r\n<\/ul><\/div><div class=\"ihc-level-item-bottom\"><div onClick=\"ihcBuyNewLevel('https:\/\/leticiasaugar.es\/membresia\/registro\/?lid=4');\" class=\"ihc-level-item-link  ihc-cursor-pointer\">Registrarse<\/div><div class=\"iump-clear\"><\/div><\/div><\/div><\/div><div class=\"ihc-level-item\"><div class=\"ihc-level-item-wrap\"><div class=\"ihc-level-item-top\"><div class=\"ihc-level-item-title\">Iniciado Practicas TAO<\/div><\/div><div class=\"ihc-level-item-price\">18 \u20ac\/mes<\/div><div class=\"ihc-level-item-content\"><p style=\"text-align: center\"><img loading=\"lazy\" decoding=\"async\" class=\"alignnone wp-image-838 size-medium\" src=\"https:\/\/leticiasaugar.es\/membresia\/wp-content\/uploads\/2025\/06\/Practicas-TAO-300x300.jpg\" alt=\"\" width=\"300\" height=\"300\" srcset=\"https:\/\/leticiasaugar.es\/membresia\/wp-content\/uploads\/2025\/06\/Practicas-TAO-300x300.jpg 300w, https:\/\/leticiasaugar.es\/membresia\/wp-content\/uploads\/2025\/06\/Practicas-TAO-150x150.jpg 150w, https:\/\/leticiasaugar.es\/membresia\/wp-content\/uploads\/2025\/06\/Practicas-TAO-768x768.jpg 768w, https:\/\/leticiasaugar.es\/membresia\/wp-content\/uploads\/2025\/06\/Practicas-TAO.jpg 1024w\" sizes=\"(max-width: 300px) 100vw, 300px\" \/><\/p>\r\n&nbsp;\r\n\r\n<strong>Para quienes desean comenzar su camino en el TAO.<\/strong>\r\n<ul>\r\n \t<li>02 practicas mensuales<\/li>\r\n<\/ul><\/div><div class=\"ihc-level-item-bottom\"><div onClick=\"ihcBuyNewLevel('https:\/\/leticiasaugar.es\/membresia\/registro\/?lid=5');\" class=\"ihc-level-item-link  ihc-cursor-pointer\">Registrarse<\/div><div class=\"iump-clear\"><\/div><\/div><\/div><\/div><div class=\"ihc-level-item\"><div class=\"ihc-level-item-wrap\"><div class=\"ihc-level-item-top\"><div class=\"ihc-level-item-title\">Encuentro Online UCDM<\/div><\/div><div class=\"ihc-level-item-price\">90\u20ac\/3mes<\/div><div class=\"ihc-level-item-content\"><p style=\"text-align: center\"><img loading=\"lazy\" decoding=\"async\" class=\"alignnone wp-image-838 size-medium\" src=\"https:\/\/leticiasaugar.es\/membresia\/wp-content\/uploads\/2025\/12\/WhatsApp-Image-2025-12-09-at-21.50.59.jpeg\" alt=\"\" width=\"300\" height=\"300\" \/><\/p>\r\n&nbsp;\r\n\r\n<strong>Todos los lunes nos reuniremos online para practicar las lecciones y recordar juntos. Comenzamos el lunes 29 de diciembre, ya que son 365 lecciones y comenzamos ahora en diciembre.<\/strong><\/div><div class=\"ihc-level-item-bottom\"><div onClick=\"ihcBuyNewLevel('https:\/\/leticiasaugar.es\/membresia\/registro\/?lid=6');\" class=\"ihc-level-item-link  ihc-cursor-pointer\">REGISTRARSE<\/div><div class=\"iump-clear\"><\/div><\/div><\/div><\/div><\/div><\/div>\n\t\t\t\t\t\t<\/div>\n\t\t\t\t<\/div>\n\t\t\t\t\t<\/div>\n\t\t\t\t<\/div>\n\t\t<div class=\"elementor-element elementor-element-eae0dad e-flex e-con-boxed e-con e-parent\" data-id=\"eae0dad\" data-element_type=\"container\" data-e-type=\"container\">\n\t\t\t\t\t<div class=\"e-con-inner\">\n\t\t\t\t<div class=\"elementor-element elementor-element-71bc23c elementor-widget elementor-widget-text-editor\" data-id=\"71bc23c\" data-element_type=\"widget\" data-e-type=\"widget\" data-widget_type=\"text-editor.default\">\n\t\t\t\t<div class=\"elementor-widget-container\">\n\t\t\t\t\t\t\t\t\t<p data-start=\"759\" data-end=\"860\">Escoge la membres\u00eda que resuene contigo y empieza a vivir tu proceso con intenci\u00f3n y prop\u00f3sito. \ud83d\udcab\u2728<\/p>\t\t\t\t\t\t\t\t<\/div>\n\t\t\t\t<\/div>\n\t\t\t\t\t<\/div>\n\t\t\t\t<\/div>\n\t\t\t\t<\/div>\n\t\t","protected":false},"excerpt":{"rendered":"<p>\ud83c\udf1f Elige tu camino de transformaci\u00f3n y despierta tu poder interior \ud83c\udf1f Tu viaje de autoconocimiento y sanaci\u00f3n comienza aqu\u00ed. Con nuestras membres\u00edas, acceder\u00e1s a herramientas, conocimientos y una comunidad que te acompa\u00f1ar\u00e1 en cada paso de tu evoluci\u00f3n. Desde los primeros destellos de luz hasta la maestr\u00eda del despertar, cada nivel te guiar\u00e1 hacia [&hellip;]<\/p>\n","protected":false},"author":1,"featured_media":0,"parent":0,"menu_order":0,"comment_status":"closed","ping_status":"closed","template":"","meta":{"footnotes":""},"class_list":["post-118","page","type-page","status-publish","hentry"],"_links":{"self":[{"href":"https:\/\/leticiasaugar.es\/membresia\/wp-json\/wp\/v2\/pages\/118","targetHints":{"allow":["GET"]}}],"collection":[{"href":"https:\/\/leticiasaugar.es\/membresia\/wp-json\/wp\/v2\/pages"}],"about":[{"href":"https:\/\/leticiasaugar.es\/membresia\/wp-json\/wp\/v2\/types\/page"}],"author":[{"embeddable":true,"href":"https:\/\/leticiasaugar.es\/membresia\/wp-json\/wp\/v2\/users\/1"}],"replies":[{"embeddable":true,"href":"https:\/\/leticiasaugar.es\/membresia\/wp-json\/wp\/v2\/comments?post=118"}],"version-history":[{"count":16,"href":"https:\/\/leticiasaugar.es\/membresia\/wp-json\/wp\/v2\/pages\/118\/revisions"}],"predecessor-version":[{"id":660,"href":"https:\/\/leticiasaugar.es\/membresia\/wp-json\/wp\/v2\/pages\/118\/revisions\/660"}],"wp:attachment":[{"href":"https:\/\/leticiasaugar.es\/membresia\/wp-json\/wp\/v2\/media?parent=118"}],"curies":[{"name":"wp","href":"https:\/\/api.w.org\/{rel}","templated":true}]}}